{"id":1162,"date":"2020-08-06T08:28:44","date_gmt":"2020-08-06T08:28:44","guid":{"rendered":"https:\/\/saigoncons.com.vn\/?page_id=1162"},"modified":"2020-09-23T08:17:13","modified_gmt":"2020-09-23T08:17:13","slug":"dich-vu","status":"publish","type":"page","link":"https:\/\/saigoncons.com.vn\/en\/dich-vu\/","title":{"rendered":"D\u1ecbch V\u1ee5"},"content":{"rendered":"<p><strong>X\u00e2y l\u1eafp<\/strong><br \/>\n&#8211; C\u00e1c c\u00f4ng tr\u00ecnh d\u00e2n d\u1ee5ng v\u00e0 c\u00f4ng nghi\u1ec7p.<br \/>\n&#8211; C\u00e1c c\u00f4ng tr\u00ecnh k\u1ef9 thu\u1eadt h\u1ea1 t\u1ea7ng \u0111\u00f4 th\u1ecb v\u00e0 khu c\u00f4ng nghi\u1ec7p.<br \/>\n&#8211; C\u00e1c c\u00f4ng tr\u00ecnh giao th\u00f4ng, \u0111\u01b0\u1eddng b\u1ed9, c\u1ea7u c\u1ea3ng, th\u1ee7y \u0111i\u1ec7n, th\u1ee7y l\u1ee3i, b\u01b0u \u0111i\u1ec7n, h\u00e0ng kh\u00f4ng.<br \/>\n&#8211; C\u00e1c c\u00f4ng tr\u00ecnh \u0111\u01b0\u1eddng d\u00e2y v\u00e0 tr\u1ea1m bi\u1ebfn \u00e1p trung, h\u1ea1 th\u1ebf.<br \/>\n&#8211; Trang tr\u00ed n\u1ed9i ngo\u1ea1i th\u1ea5t v\u00e0 c\u1ea3nh quan c\u00f4ng tr\u00ecnh.<br \/>\n<strong>\u0110\u1ea7u t\u01b0 d\u1ef1 \u00e1n<\/strong><br \/>\n&#8211; Ch\u1ee7 \u0111\u1ea7u t\u01b0 c\u00e1c d\u1ef1 \u00e1n x\u00e2y d\u1ef1ng khu d\u00e2n c\u01b0, khu \u0111\u00f4 th\u1ecb, khu c\u00f4ng nghi\u1ec7p.<br \/>\n&#8211; Kinh doanh ph\u00e1t tri\u1ec3n nh\u00e0, chung c\u01b0, si\u00eau th\u1ecb, ch\u1ee3, c\u00f4ng vi\u00ean<br \/>\n<strong>T\u01b0 v\u1ea5n thi\u1ebft k\u1ebf<\/strong><br \/>\n&#8211; Kh\u1ea3o s\u00e1t, thi\u1ebft k\u1ebf, quy ho\u1ea1ch, l\u1eadp t\u1ed5ng d\u1ef1 to\u00e1n c\u00e1c c\u00f4ng tr\u00ecnh x\u00e2y d\u1ef1ng.<br \/>\n&#8211; Gi\u00e1m s\u00e1t, th\u1ea9m \u0111\u1ecbnh ch\u1ea5t l\u01b0\u1ee3ng c\u00f4ng tr\u00ecnh, d\u1ef1 \u00e1n \u0111\u1ea7u t\u01b0.<br \/>\n&#8211; L\u1eadp d\u1ef1 \u00e1n \u0111\u1ea7u t\u01b0, t\u01b0 v\u1ea5n \u0111\u1ea5u th\u1ea7u c\u00e1c c\u00f4ng tr\u00ecnh x\u00e2y d\u1ef1ng.<br \/>\n<strong>V\u1eadt li\u1ec7u x\u00e2y d\u1ef1ng<\/strong><br \/>\n&#8211; Khai th\u00e1c, s\u1ea3n xu\u1ea5t, kinh doanh s\u1ea3n ph\u1ea9m v\u1eadt li\u1ec7u x\u00e2y d\u1ef1ng c\u01a1 b\u1ea3n v\u00e0 trang tr\u00ed n\u1ed9i th\u1ea5t.<br \/>\n&#8211; Thi\u1ebft k\u1ebf, ch\u1ebf t\u1ea1o c\u00f4ng ngh\u1ec7 s\u1ea3n xu\u1ea5t v\u1eadt li\u1ec7u x\u00e2y d\u1ef1ng.<br \/>\n<strong>C\u00e1c l\u0129nh v\u1ef1c kh\u00e1c<\/strong><br \/>\n&#8211; Xu\u1ea5t nh\u1eadp kh\u1ea9u v\u1eadt t\u01b0, thi\u1ebft b\u1ecb c\u00f4ng ngh\u1ec7 x\u00e2y d\u1ef1ng.<br \/>\n&#8211; Nghi\u00ean c\u1ee9u, \u0111\u00e0o t\u1ea1o, b\u1ed3i d\u01b0\u1ee1ng chuy\u00ean m\u00f4n c\u00e1n b\u1ed9 c\u00f4ng nh\u00e2n trong ng\u00e0nh.<br \/>\n&#8211; Kinh doanh \u0111a ng\u00e0nh.<\/p>","protected":false},"excerpt":{"rendered":"<p>X\u00e2y l\u1eafp &#8211; C\u00e1c c\u00f4ng tr\u00ecnh d\u00e2n d\u1ee5ng v\u00e0 c\u00f4ng nghi\u1ec7p. &#8211; C\u00e1c c\u00f4ng tr\u00ecnh k\u1ef9 thu\u1eadt h\u1ea1 t\u1ea7ng \u0111\u00f4 th\u1ecb v\u00e0 khu c\u00f4ng nghi\u1ec7p. &#8211; C\u00e1c c\u00f4ng tr\u00ecnh giao th\u00f4ng, \u0111\u01b0\u1eddng b\u1ed9, c\u1ea7u c\u1ea3ng, th\u1ee7y \u0111i\u1ec7n, th\u1ee7y l\u1ee3i, b\u01b0u [&hellip;]<\/p>\n","protected":false},"author":1,"featured_media":0,"parent":0,"menu_order":0,"comment_status":"closed","ping_status":"closed","template":"","meta":{"footnotes":""},"class_list":["post-1162","page","type-page","status-publish","hentry"],"acf":[],"yoast_head":"<!-- This site is optimized with the Yoast SEO plugin v25.4 - https:\/\/yoast.com\/wordpress\/plugins\/seo\/ -->\n<title>D\u1ecbch V\u1ee5 - SGCC<\/title>\n<meta name=\"robots\" content=\"index, follow, max-snippet:-1, max-image-preview:large, max-video-preview:-1\" \/>\n<link rel=\"canonical\" href=\"https:\/\/saigoncons.com.vn\/en\/dich-vu\/\" \/>\n<meta property=\"og:locale\" content=\"en_US\" \/>\n<meta property=\"og:type\" content=\"article\" \/>\n<meta property=\"og:title\" content=\"D\u1ecbch V\u1ee5 - SGCC\" \/>\n<meta property=\"og:description\" content=\"X\u00e2y l\u1eafp &#8211; C\u00e1c c\u00f4ng tr\u00ecnh d\u00e2n d\u1ee5ng v\u00e0 c\u00f4ng nghi\u1ec7p. &#8211; C\u00e1c c\u00f4ng tr\u00ecnh k\u1ef9 thu\u1eadt h\u1ea1 t\u1ea7ng \u0111\u00f4 th\u1ecb v\u00e0 khu c\u00f4ng nghi\u1ec7p. &#8211; C\u00e1c c\u00f4ng tr\u00ecnh giao th\u00f4ng, \u0111\u01b0\u1eddng b\u1ed9, c\u1ea7u c\u1ea3ng, th\u1ee7y \u0111i\u1ec7n, th\u1ee7y l\u1ee3i, b\u01b0u [&hellip;]\" \/>\n<meta property=\"og:url\" content=\"https:\/\/saigoncons.com.vn\/en\/dich-vu\/\" \/>\n<meta property=\"og:site_name\" content=\"SGCC\" \/>\n<meta property=\"article:modified_time\" content=\"2020-09-23T08:17:13+00:00\" \/>\n<meta name=\"twitter:card\" content=\"summary_large_image\" \/>\n<meta name=\"twitter:label1\" content=\"Est. reading time\" \/>\n\t<meta name=\"twitter:data1\" content=\"3 minutes\" \/>\n<script type=\"application\/ld+json\" class=\"yoast-schema-graph\">{\"@context\":\"https:\/\/schema.org\",\"@graph\":[{\"@type\":\"WebPage\",\"@id\":\"https:\/\/saigoncons.com.vn\/en\/dich-vu\/\",\"url\":\"https:\/\/saigoncons.com.vn\/en\/dich-vu\/\",\"name\":\"D\u1ecbch V\u1ee5 - SGCC\",\"isPartOf\":{\"@id\":\"https:\/\/saigoncons.com.vn\/#website\"},\"datePublished\":\"2020-08-06T08:28:44+00:00\",\"dateModified\":\"2020-09-23T08:17:13+00:00\",\"breadcrumb\":{\"@id\":\"https:\/\/saigoncons.com.vn\/en\/dich-vu\/#breadcrumb\"},\"inLanguage\":\"en-US\",\"potentialAction\":[{\"@type\":\"ReadAction\",\"target\":[\"https:\/\/saigoncons.com.vn\/en\/dich-vu\/\"]}]},{\"@type\":\"BreadcrumbList\",\"@id\":\"https:\/\/saigoncons.com.vn\/en\/dich-vu\/#breadcrumb\",\"itemListElement\":[{\"@type\":\"ListItem\",\"position\":1,\"name\":\"Home\",\"item\":\"https:\/\/saigoncons.com.vn\/\"},{\"@type\":\"ListItem\",\"position\":2,\"name\":\"D\u1ecbch V\u1ee5\"}]},{\"@type\":\"WebSite\",\"@id\":\"https:\/\/saigoncons.com.vn\/#website\",\"url\":\"https:\/\/saigoncons.com.vn\/\",\"name\":\"SGCC\",\"description\":\"(Ti\u1ebfng Vi\u1ec7t) T\u1ed4NG C\u00d4NG TY X\u00c2Y D\u1ef0NG S\u00c0I G\u00d2N\",\"publisher\":{\"@id\":\"https:\/\/saigoncons.com.vn\/#organization\"},\"potentialAction\":[{\"@type\":\"SearchAction\",\"target\":{\"@type\":\"EntryPoint\",\"urlTemplate\":\"https:\/\/saigoncons.com.vn\/?s={search_term_string}\"},\"query-input\":{\"@type\":\"PropertyValueSpecification\",\"valueRequired\":true,\"valueName\":\"search_term_string\"}}],\"inLanguage\":\"en-US\"},{\"@type\":\"Organization\",\"@id\":\"https:\/\/saigoncons.com.vn\/#organization\",\"name\":\"SGCC\",\"url\":\"https:\/\/saigoncons.com.vn\/\",\"logo\":{\"@type\":\"ImageObject\",\"inLanguage\":\"en-US\",\"@id\":\"https:\/\/saigoncons.com.vn\/#\/schema\/logo\/image\/\",\"url\":\"https:\/\/saigoncons.com.vn\/wp-content\/uploads\/2020\/08\/logo-saigoncons.png\",\"contentUrl\":\"https:\/\/saigoncons.com.vn\/wp-content\/uploads\/2020\/08\/logo-saigoncons.png\",\"width\":150,\"height\":175,\"caption\":\"SGCC\"},\"image\":{\"@id\":\"https:\/\/saigoncons.com.vn\/#\/schema\/logo\/image\/\"}}]}<\/script>\n<!-- \/ Yoast SEO plugin. -->","yoast_head_json":{"title":"D\u1ecbch V\u1ee5 - SGCC","robots":{"index":"index","follow":"follow","max-snippet":"max-snippet:-1","max-image-preview":"max-image-preview:large","max-video-preview":"max-video-preview:-1"},"canonical":"https:\/\/saigoncons.com.vn\/en\/dich-vu\/","og_locale":"en_US","og_type":"article","og_title":"D\u1ecbch V\u1ee5 - SGCC","og_description":"X\u00e2y l\u1eafp &#8211; C\u00e1c c\u00f4ng tr\u00ecnh d\u00e2n d\u1ee5ng v\u00e0 c\u00f4ng nghi\u1ec7p. &#8211; C\u00e1c c\u00f4ng tr\u00ecnh k\u1ef9 thu\u1eadt h\u1ea1 t\u1ea7ng \u0111\u00f4 th\u1ecb v\u00e0 khu c\u00f4ng nghi\u1ec7p. &#8211; C\u00e1c c\u00f4ng tr\u00ecnh giao th\u00f4ng, \u0111\u01b0\u1eddng b\u1ed9, c\u1ea7u c\u1ea3ng, th\u1ee7y \u0111i\u1ec7n, th\u1ee7y l\u1ee3i, b\u01b0u [&hellip;]","og_url":"https:\/\/saigoncons.com.vn\/en\/dich-vu\/","og_site_name":"SGCC","article_modified_time":"2020-09-23T08:17:13+00:00","twitter_card":"summary_large_image","twitter_misc":{"Est. reading time":"3 minutes"},"schema":{"@context":"https:\/\/schema.org","@graph":[{"@type":"WebPage","@id":"https:\/\/saigoncons.com.vn\/en\/dich-vu\/","url":"https:\/\/saigoncons.com.vn\/en\/dich-vu\/","name":"D\u1ecbch V\u1ee5 - SGCC","isPartOf":{"@id":"https:\/\/saigoncons.com.vn\/#website"},"datePublished":"2020-08-06T08:28:44+00:00","dateModified":"2020-09-23T08:17:13+00:00","breadcrumb":{"@id":"https:\/\/saigoncons.com.vn\/en\/dich-vu\/#breadcrumb"},"inLanguage":"en-US","potentialAction":[{"@type":"ReadAction","target":["https:\/\/saigoncons.com.vn\/en\/dich-vu\/"]}]},{"@type":"BreadcrumbList","@id":"https:\/\/saigoncons.com.vn\/en\/dich-vu\/#breadcrumb","itemListElement":[{"@type":"ListItem","position":1,"name":"Home","item":"https:\/\/saigoncons.com.vn\/"},{"@type":"ListItem","position":2,"name":"D\u1ecbch V\u1ee5"}]},{"@type":"WebSite","@id":"https:\/\/saigoncons.com.vn\/#website","url":"https:\/\/saigoncons.com.vn\/","name":"SGCC","description":"(Ti\u1ebfng Vi\u1ec7t) T\u1ed4NG C\u00d4NG TY X\u00c2Y D\u1ef0NG S\u00c0I G\u00d2N","publisher":{"@id":"https:\/\/saigoncons.com.vn\/#organization"},"potentialAction":[{"@type":"SearchAction","target":{"@type":"EntryPoint","urlTemplate":"https:\/\/saigoncons.com.vn\/?s={search_term_string}"},"query-input":{"@type":"PropertyValueSpecification","valueRequired":true,"valueName":"search_term_string"}}],"inLanguage":"en-US"},{"@type":"Organization","@id":"https:\/\/saigoncons.com.vn\/#organization","name":"SGCC","url":"https:\/\/saigoncons.com.vn\/","logo":{"@type":"ImageObject","inLanguage":"en-US","@id":"https:\/\/saigoncons.com.vn\/#\/schema\/logo\/image\/","url":"https:\/\/saigoncons.com.vn\/wp-content\/uploads\/2020\/08\/logo-saigoncons.png","contentUrl":"https:\/\/saigoncons.com.vn\/wp-content\/uploads\/2020\/08\/logo-saigoncons.png","width":150,"height":175,"caption":"SGCC"},"image":{"@id":"https:\/\/saigoncons.com.vn\/#\/schema\/logo\/image\/"}}]}},"_links":{"self":[{"href":"https:\/\/saigoncons.com.vn\/en\/wp-json\/wp\/v2\/pages\/1162","targetHints":{"allow":["GET"]}}],"collection":[{"href":"https:\/\/saigoncons.com.vn\/en\/wp-json\/wp\/v2\/pages"}],"about":[{"href":"https:\/\/saigoncons.com.vn\/en\/wp-json\/wp\/v2\/types\/page"}],"author":[{"embeddable":true,"href":"https:\/\/saigoncons.com.vn\/en\/wp-json\/wp\/v2\/users\/1"}],"replies":[{"embeddable":true,"href":"https:\/\/saigoncons.com.vn\/en\/wp-json\/wp\/v2\/comments?post=1162"}],"version-history":[{"count":10,"href":"https:\/\/saigoncons.com.vn\/en\/wp-json\/wp\/v2\/pages\/1162\/revisions"}],"predecessor-version":[{"id":3557,"href":"https:\/\/saigoncons.com.vn\/en\/wp-json\/wp\/v2\/pages\/1162\/revisions\/3557"}],"wp:attachment":[{"href":"https:\/\/saigoncons.com.vn\/en\/wp-json\/wp\/v2\/media?parent=1162"}],"curies":[{"name":"wp","href":"https:\/\/api.w.org\/{rel}","templated":true}]}}